{"id":2563,"date":"2019-02-28T05:17:17","date_gmt":"2019-02-28T05:17:17","guid":{"rendered":"https:\/\/2019.kathmandu.wordcamp.org\/?page_id=2563"},"modified":"2019-03-03T05:50:58","modified_gmt":"2019-03-03T05:50:58","slug":"contributor-day-team-leads","status":"publish","type":"page","link":"https:\/\/kathmandu.wordcamp.org\/2019\/contributor-day-team-leads\/","title":{"rendered":"Contributor Day Team Leads"},"content":{"rendered":"<div class=\"common-holder wrapper-organizer-content speaker-inner\">\n<div class=\"container\">\n<div class=\"wrapper-organizer-wrap\">\n\t<div class=\"wcorg-speakers\">\n\n\t\t\n\t\t\t<!-- Organizers note: The id attribute is deprecated and only remains for backwards compatibility, please use the corresponding class to target individual speakers -->\n\t\t\t<div id=\"wcorg-speaker-abhishek-rijal\" class=\"wcorg-speaker wcorg-speaker-abhishek-rijal\">\n\t\t\t\t<h2>\n\t\t\t\t\t\n\t\t\t\t\t\t<a href=\"https:\/\/kathmandu.wordcamp.org\/2019\/speaker\/abhishek-rijal\/\">\n\t\t\t\t\t\t\tAbhishek Rijal\t\t\t\t\t\t<\/a>\n\n\t\t\t\t\t\t\t\t\t<\/h2>\n\n\t\t\t\t<div class=\"wcorg-speaker-description\">\n\t\t\t\t\t<img alt='' src='https:\/\/secure.gravatar.com\/avatar\/a1580c42290c9050c59cf6bee8e3b9253e3e64ccd7ed1070727b66e533283bbe?s=380&#038;d=mm&#038;r=g' srcset='https:\/\/secure.gravatar.com\/avatar\/a1580c42290c9050c59cf6bee8e3b9253e3e64ccd7ed1070727b66e533283bbe?s=760&#038;d=mm&#038;r=g 2x' class='avatar avatar-380 photo' height='380' width='380' \/>\t\t\t\t\t<p><a href=\"https:\/\/profiles.wordpress.org\/aveeshek\" target=\"_blank\" rel=\"noopener noreferrer\">@aveeshek<\/a><\/p>\r\n<p><strong>Team:<\/strong> Support<\/p>\r\n<p><strong>Contributor Day Team Lead Type:<\/strong> National<\/p>\r\n<p><strong>Contributor Day Team Lead Bio:<\/strong><br \/>Abhishek Rijal is a Sr. WordPress developer, currently working as a Team Lead at Nirmal Web Studio. His expertise and experience include WordPress themes and plugin development along with Web applications development in PHP and Laravel framework. He is also an instructor for WordPress development at Halftone Designs. <\/p>\r\n\r\n<p>\r\nA frequent speaker and contributor to WordCamps and regular WordPress meet-ups in Nepal, Abhishek believes in giving back to the community. \r\n<\/p>\r\n\t\r\n<p>While not sipping coffee and writing code, he loves to travel around and explore new things. Additionally, he engages himself in different social service projects in Nepal as a member of Lions Club International.<\/p>\t\t\t\t<\/div>\n\t\t\t<\/div>\n\n\t\t\n\t\t\t<!-- Organizers note: The id attribute is deprecated and only remains for backwards compatibility, please use the corresponding class to target individual speakers -->\n\t\t\t<div id=\"wcorg-speaker-biplav-subedi\" class=\"wcorg-speaker wcorg-speaker-biplav-subedi\">\n\t\t\t\t<h2>\n\t\t\t\t\t\n\t\t\t\t\t\t<a href=\"https:\/\/kathmandu.wordcamp.org\/2019\/speaker\/biplav-subedi\/\">\n\t\t\t\t\t\t\tBiplav Subedi\t\t\t\t\t\t<\/a>\n\n\t\t\t\t\t\t\t\t\t<\/h2>\n\n\t\t\t\t<div class=\"wcorg-speaker-description\">\n\t\t\t\t\t<img alt='' src='https:\/\/secure.gravatar.com\/avatar\/2a2e57e105ece8399409628a6b0d3ec34fe7eeded96c5f67ce20a8292ad3c660?s=380&#038;d=mm&#038;r=g' srcset='https:\/\/secure.gravatar.com\/avatar\/2a2e57e105ece8399409628a6b0d3ec34fe7eeded96c5f67ce20a8292ad3c660?s=760&#038;d=mm&#038;r=g 2x' class='avatar avatar-380 photo' height='380' width='380' \/>\t\t\t\t\t<p><a href=\"https:\/\/profiles.wordpress.org\/bplv\" target=\"_blank\" rel=\"noopener noreferrer\">@bplv<\/a><\/p>\n<p><strong>Team:<\/strong> Theme Review<\/p>\n<p><strong>Contributor Day Team Lead Type:<\/strong> National<\/p>\n<p><strong>Contributor Day Team Lead Bio:<\/strong><br \/>\nBiplav Subedi is the founder of <a href=\"https:\/\/wpdrizzle.com\/\">WP Drizzle<\/a>&nbsp;and has been working on WordPress for quite a while now. He is also a Theme Moderator on WP Theme Review team and loves to review themes as it was his first step to getting involved in the community. Now, Biplav looks to grow on Gutenberg and React and start developing future-proof products.<br \/>\nBiplav started getting involved on WordCamp from 2016 and fell in love with it ever since. He has since then attended every WordCamp held all around the country. He has tried to support the community event with everything he can and now he would like to take a step further and be on the organizing committee of WCKTM2019.<br \/>\nOther than that Biplav is an outgoing person, who loves to do anything and everything. He is your go-to friend to do anything exciting together from touring the country to watching movies, playing football, e-sports anything you name, he\u2019s up for it. He also occasionally posts his Cover songs on <a href=\"https:\/\/soundcloud.com\/bplv\">Soundcloud<\/a>, go give it a listen.<\/p>\n\t\t\t\t<\/div>\n\t\t\t<\/div>\n\n\t\t\n\t\t\t<!-- Organizers note: The id attribute is deprecated and only remains for backwards compatibility, please use the corresponding class to target individual speakers -->\n\t\t\t<div id=\"wcorg-speaker-regan-khadgi\" class=\"wcorg-speaker wcorg-speaker-regan-khadgi\">\n\t\t\t\t<h2>\n\t\t\t\t\t\n\t\t\t\t\t\t<a href=\"https:\/\/kathmandu.wordcamp.org\/2019\/speaker\/regan-khadgi\/\">\n\t\t\t\t\t\t\tRegan Khadgi\t\t\t\t\t\t<\/a>\n\n\t\t\t\t\t\t\t\t\t<\/h2>\n\n\t\t\t\t<div class=\"wcorg-speaker-description\">\n\t\t\t\t\t<img alt='' src='https:\/\/secure.gravatar.com\/avatar\/bd2b9f1967700f29dccd9c1db313291c29b0a98641cf6653957786169cb8dfee?s=380&#038;d=mm&#038;r=g' srcset='https:\/\/secure.gravatar.com\/avatar\/bd2b9f1967700f29dccd9c1db313291c29b0a98641cf6653957786169cb8dfee?s=760&#038;d=mm&#038;r=g 2x' class='avatar avatar-380 photo' height='380' width='380' \/>\t\t\t\t\t<p><a href=\"https:\/\/profiles.wordpress.org\/happy-coders\" target=\"_blank\" rel=\"noopener noreferrer\">@happy-coders<\/a><\/p>\n<p><strong>Team:<\/strong> Support<\/p>\n<p><strong>Contributor Day Team Lead Type:<\/strong> National<\/p>\n<p><strong>Contributor Day Team Lead Bio:<\/strong><br \/>\nA Senior Lead WordPress Plugin Developer at AccessPress Themes, Regan Khadgi is a programmer by choice and passion.<\/p>\n<p>Today, he has had almost a decade of experience working with WordPress, and has developed more than 20 plugins. He also leads, manages, and guides a team of 6 programmers. A team that has developed over 100 plugins and has achieved the title of \u201cElite Author\u201d in Envato in a surprisingly short time.<\/p>\n<p>Also, over the years, Regan has been committed to not only learning from WordPress, but for giving back to the community too. He shared his programming knowledge as a speaker in WordCamp Nepal 2015, and in WordCamp Kathmandu 2016. In the year 2017, he contributed as a volunteer in WordCamp Kathmandu. Again in the year 2018, he spoke at WordCamp Biratnagar. And this year of course, he has been working as a speaker wrangler in WordCamp Kathmandu.<\/p>\n<p>For someone who has worked so long in the field, Regan still goes to work with the same energy he had 8 years ago while he had just started. And when at times he is away from the computer, you can see him singing with a guitar in his hands or lifting weights at the gym.<\/p>\n\t\t\t\t<\/div>\n\t\t\t<\/div>\n\n\t\t\n\t\t\t<!-- Organizers note: The id attribute is deprecated and only remains for backwards compatibility, please use the corresponding class to target individual speakers -->\n\t\t\t<div id=\"wcorg-speaker-sandilya-kafle\" class=\"wcorg-speaker wcorg-speaker-sandilya-kafle\">\n\t\t\t\t<h2>\n\t\t\t\t\t\n\t\t\t\t\t\t<a href=\"https:\/\/kathmandu.wordcamp.org\/2019\/speaker\/sandilya-kafle\/\">\n\t\t\t\t\t\t\tSandilya Kafle\t\t\t\t\t\t<\/a>\n\n\t\t\t\t\t\t\t\t\t<\/h2>\n\n\t\t\t\t<div class=\"wcorg-speaker-description\">\n\t\t\t\t\t<img alt='' src='https:\/\/secure.gravatar.com\/avatar\/4ed3f58698361e6948ef11e738c0d5a44e2253c289ac076eceddc1d416a6f4de?s=380&#038;d=mm&#038;r=g' srcset='https:\/\/secure.gravatar.com\/avatar\/4ed3f58698361e6948ef11e738c0d5a44e2253c289ac076eceddc1d416a6f4de?s=760&#038;d=mm&#038;r=g 2x' class='avatar avatar-380 photo' height='380' width='380' \/>\t\t\t\t\t<p><a href=\"https:\/\/profiles.wordpress.org\/kafleg\" target=\"_blank\" rel=\"noopener noreferrer\">@kafleg<\/a><\/p>\n<p><strong>Team:<\/strong> Theme Review<\/p>\n<p><strong>Contributor Day Team Lead Type:<\/strong> National<\/p>\n<p><strong>Contributor Day Team Lead Bio:<\/strong><br \/>\nMr. Kafle is the Co-Founder and theme review team lead at one of the fast growing WordPress themes marketplace \u2013 <a href=\"http:\/\/www.templatesell.com\/\">Template Sell<\/a>  based in Nepal.<br \/>\nIn addition, he works for <a href=\"http:\/\/www.wpentire.com\/\">WPEntire<\/a> and leads theme review team. Besides this, he volunteers as a team lead in the WordPress Theme Review team. He has contributed to the WordPress community as WordCamp speaker, organizer, volunteer, documentation, core contributors, translation team, theme\/plugins developer. Furthermore, he is active in WordCamp Nepal and WordCamp Kathmandu since 2014 as a volunteer, sponsor or as a speaker.<br \/>\nHe loves spending time with friends, families, reading blogs, traveling and listening to music.<\/p>\n\t\t\t\t<\/div>\n\t\t\t<\/div>\n\n\t\t\n\t\t\t<!-- Organizers note: The id attribute is deprecated and only remains for backwards compatibility, please use the corresponding class to target individual speakers -->\n\t\t\t<div id=\"wcorg-speaker-sudeep-balchhaudi\" class=\"wcorg-speaker wcorg-speaker-sudeep-balchhaudi\">\n\t\t\t\t<h2>\n\t\t\t\t\t\n\t\t\t\t\t\t<a href=\"https:\/\/kathmandu.wordcamp.org\/2019\/speaker\/sudeep-balchhaudi\/\">\n\t\t\t\t\t\t\tSudeep Balchhaudi\t\t\t\t\t\t<\/a>\n\n\t\t\t\t\t\t\t\t\t<\/h2>\n\n\t\t\t\t<div class=\"wcorg-speaker-description\">\n\t\t\t\t\t<img alt='' src='https:\/\/secure.gravatar.com\/avatar\/86a9055d76c4b9e43fd52572240cf7f79eb986a6a3424e642db95de97697ce9d?s=380&#038;d=mm&#038;r=g' srcset='https:\/\/secure.gravatar.com\/avatar\/86a9055d76c4b9e43fd52572240cf7f79eb986a6a3424e642db95de97697ce9d?s=760&#038;d=mm&#038;r=g 2x' class='avatar avatar-380 photo' height='380' width='380' \/>\t\t\t\t\t<p><a href=\"https:\/\/profiles.wordpress.org\/meissudeep\" target=\"_blank\" rel=\"noopener noreferrer\">@meissudeep<\/a><\/p>\n<p><strong>Team:<\/strong> Polyglots<\/p>\n<p><strong>Contributor Day Team Lead Type:<\/strong> National<\/p>\n<p><strong>Contributor Day Team Lead Bio:<\/strong><br \/>\nSudeep Balchhaudi is a WordPress developer. Using and building WordPress products such as Themes and Plugins since past 5 years. He has been contributing on WordPress as Translation Editor on Plygots Team, Theme Reviewer in Theme Review Team on dot Org. Here is his <a href=\"https:\/\/profiles.wordpress.org\/meissudeep\" target=\"_blank\" rel=\"noopener noreferrer\">profile<\/a><\/p>\n<p>Besides his professional work, he loves to watch Real Madrid play and often go on a short trip and listen to some good music.<br \/>\nYou can follow him on social media, just search meissudeep.<\/p>\n\t\t\t\t<\/div>\n\t\t\t<\/div>\n\n\t\t\n\t\t\t<!-- Organizers note: The id attribute is deprecated and only remains for backwards compatibility, please use the corresponding class to target individual speakers -->\n\t\t\t<div id=\"wcorg-speaker-yoav-farhi-2\" class=\"wcorg-speaker wcorg-speaker-yoav-farhi-2\">\n\t\t\t\t<h2>\n\t\t\t\t\t\n\t\t\t\t\t\t<a href=\"https:\/\/kathmandu.wordcamp.org\/2019\/speaker\/yoav-farhi-2\/\">\n\t\t\t\t\t\t\tYoav Farhi\t\t\t\t\t\t<\/a>\n\n\t\t\t\t\t\t\t\t\t<\/h2>\n\n\t\t\t\t<div class=\"wcorg-speaker-description\">\n\t\t\t\t\t<img alt='' src='https:\/\/secure.gravatar.com\/avatar\/b8b4c1e6328598569093af9249f1811977636a39f84eeeb4360b772ae79dbae1?s=380&#038;d=mm&#038;r=g' srcset='https:\/\/secure.gravatar.com\/avatar\/b8b4c1e6328598569093af9249f1811977636a39f84eeeb4360b772ae79dbae1?s=760&#038;d=mm&#038;r=g 2x' class='avatar avatar-380 photo' height='380' width='380' \/>\t\t\t\t\t<p><a href=\"https:\/\/profiles.wordpress.org\/yoavf\" target=\"_blank\" rel=\"noopener noreferrer\">@yoavf<\/a><\/p>\n<p><strong>Team:<\/strong> Polyglots<\/p>\n<p><strong>Contributor Day Team Lead Type:<\/strong> International<\/p>\n<p><strong>Contributor Day Team Lead Bio:<\/strong><br \/>Yoav Farhi is an I\u00f1t\u00ebrn\u00e2ti\u00f4n\u00e0liz\u00e6ti\u00f8n\u00ebr at Automattic, who works on everything related i18n (that\u2019s internationalization) and l10n (localization) and of course, translation. A core contributor to WordPress for 10 years now, Yoav works hard to make the web a better place.<\/p>\n<p>Learn how translation works in WordPress, and get real hands-on experience in translating a WordPress theme or a plugin &#8211; both from the WordPress.org repository and from third-party sources. Additionally, the workshop will introduce the community aspect of translation in WordPress &#8211; a great starting point to get involved.<\/p>\n\t\t\t\t<\/div>\n\t\t\t<\/div>\n\n\t\t\n\t<\/div>\n\n\t<\/div>\n<\/div>\n<\/div>\n<section class=\"subscribe-section bg-1 gap-1\">\n<div class=\"hang-text\">\n<div class=\"container bg-1\">#WCKTM2019<\/div>\n<\/div>\n<div class=\"container\">\n<h2 class=\"title-1\">Get updated !<\/h2>\n<div class=\"jetpack_subscription_widget\"><h2 class=\"widgettitle\">Subscribe to receive updates<\/h2>\n\t\t\t<div class=\"wp-block-jetpack-subscriptions__container\">\n\t\t\t<form action=\"#\" method=\"post\" accept-charset=\"utf-8\" id=\"subscribe-blog-1\"\n\t\t\t\tdata-blog=\"254705665\"\n\t\t\t\tdata-post_access_level=\"everybody\" >\n\t\t\t\t\t\t\t\t\t<p id=\"subscribe-email\">\n\t\t\t\t\t\t<label id=\"jetpack-subscribe-label\"\n\t\t\t\t\t\t\tclass=\"screen-reader-text\"\n\t\t\t\t\t\t\tfor=\"subscribe-field-1\">\n\t\t\t\t\t\t\tEmail Address\t\t\t\t\t\t<\/label>\n\t\t\t\t\t\t<input type=\"email\" name=\"email\" autocomplete=\"email\" required=\"required\"\n\t\t\t\t\t\t\t\t\t\t\t\t\t\t\t\t\t\t\t\t\tvalue=\"\"\n\t\t\t\t\t\t\tid=\"subscribe-field-1\"\n\t\t\t\t\t\t\tplaceholder=\"Email Address\"\n\t\t\t\t\t\t\/>\n\t\t\t\t\t<\/p>\n\n\t\t\t\t\t<p id=\"subscribe-submit\"\n\t\t\t\t\t\t\t\t\t\t\t>\n\t\t\t\t\t\t<input type=\"hidden\" name=\"action\" value=\"subscribe\"\/>\n\t\t\t\t\t\t<input type=\"hidden\" name=\"source\" value=\"https:\/\/kathmandu.wordcamp.org\/2019\/wp-json\/wp\/v2\/pages\/2563\"\/>\n\t\t\t\t\t\t<input type=\"hidden\" name=\"sub-type\" value=\"widget\"\/>\n\t\t\t\t\t\t<input type=\"hidden\" name=\"redirect_fragment\" value=\"subscribe-blog-1\"\/>\n\t\t\t\t\t\t<input type=\"hidden\" id=\"_wpnonce\" name=\"_wpnonce\" value=\"8f59d26590\" \/><input type=\"hidden\" name=\"_wp_http_referer\" value=\"\/2019\/wp-json\/wp\/v2\/pages\/2563\" \/>\t\t\t\t\t\t<button type=\"submit\"\n\t\t\t\t\t\t\t\t\t\t\t\t\t\t\tclass=\"wp-block-button__link\"\n\t\t\t\t\t\t\t\t\t\t\t\t\t\t\t\t\t\t\t\t\t\tstyle=\"margin: 0; margin-left: 0px;\"\n\t\t\t\t\t\t\t\t\t\t\t\t\t\tname=\"jetpack_subscriptions_widget\"\n\t\t\t\t\t\t>\n\t\t\t\t\t\t\tSubscribe\t\t\t\t\t\t<\/button>\n\t\t\t\t\t<\/p>\n\t\t\t\t\t\t\t<\/form>\n\t\t\t\t\t\t<\/div>\n\t\t\t\n<\/div>\n<\/div>\n<\/section>\n\n\n<p class=\"wp-block-paragraph\"><\/p>\n","protected":false},"excerpt":{"rendered":"<p>#WCKTM2019 Get updated !<\/p>\n","protected":false},"author":15316168,"featured_media":0,"parent":0,"menu_order":0,"comment_status":"closed","ping_status":"closed","template":"","meta":{"_crdt_document":"","footnotes":""},"class_list":["post-2563","page","type-page","status-publish","hentry"],"jetpack_sharing_enabled":true,"jetpack_shortlink":"https:\/\/wp.me\/PheIzT-Fl","_links":{"self":[{"href":"https:\/\/kathmandu.wordcamp.org\/2019\/wp-json\/wp\/v2\/pages\/2563","targetHints":{"allow":["GET"]}}],"collection":[{"href":"https:\/\/kathmandu.wordcamp.org\/2019\/wp-json\/wp\/v2\/pages"}],"about":[{"href":"https:\/\/kathmandu.wordcamp.org\/2019\/wp-json\/wp\/v2\/types\/page"}],"author":[{"embeddable":true,"href":"https:\/\/kathmandu.wordcamp.org\/2019\/wp-json\/wp\/v2\/users\/15316168"}],"replies":[{"embeddable":true,"href":"https:\/\/kathmandu.wordcamp.org\/2019\/wp-json\/wp\/v2\/comments?post=2563"}],"version-history":[{"count":7,"href":"https:\/\/kathmandu.wordcamp.org\/2019\/wp-json\/wp\/v2\/pages\/2563\/revisions"}],"predecessor-version":[{"id":2695,"href":"https:\/\/kathmandu.wordcamp.org\/2019\/wp-json\/wp\/v2\/pages\/2563\/revisions\/2695"}],"wp:attachment":[{"href":"https:\/\/kathmandu.wordcamp.org\/2019\/wp-json\/wp\/v2\/media?parent=2563"}],"curies":[{"name":"wp","href":"https:\/\/api.w.org\/{rel}","templated":true}]}}